{"id":40,"date":"2026-02-25T13:00:32","date_gmt":"2026-02-25T12:00:32","guid":{"rendered":"http:\/\/www.issn.org\/?page_id=40"},"modified":"2026-03-19T10:33:40","modified_gmt":"2026-03-19T09:33:40","slug":"les-instances","status":"publish","type":"page","link":"https:\/\/www.issn.org\/fr\/le-centre-et-le-reseau\/notre-organisation\/les-instances\/","title":{"rendered":"Les instances de l\u2019ISSN"},"content":{"rendered":"<p class=\"chapo\">Organisation intergouvernementale, le Centre International de l&rsquo;ISSN est compos\u00e9 d\u2019instances internationales qui r\u00e9gissent son fonctionnement.<\/p>\n<ul>\n<li>L\u2019Assembl\u00e9e G\u00e9n\u00e9rale<\/li>\n<li>Le Conseil d\u2019Administration<\/li>\n<li>Les r\u00e9unions des Directeurs<\/li>\n<li>Comit\u00e9 consultatif d\u2019experts<\/li>\n<\/ul>\n<h2><b>L\u2019Assembl\u00e9e G\u00e9n\u00e9rale<\/b><\/h2>\n<p>L\u2019Assembl\u00e9e G\u00e9n\u00e9rale se r\u00e9unit tous les deux ans.<\/p>\n<p>Ses principales missions\u00a0:<br \/>\n&#8211;\u00a0 d\u00e9finir les orientations g\u00e9n\u00e9rales des activit\u00e9s du Centre International de l&rsquo;ISSN,<br \/>\n&#8211;\u00a0 \u00e9lire les membres du Conseil d\u2019Administration,<br \/>\n&#8211;\u00a0 fixer le montant des contributions des Etats membres.<\/p>\n<p>Elle comprend\u00a0:<br \/>\n&#8211;\u00a0 un repr\u00e9sentant de chacun des Etats qui ont adh\u00e9r\u00e9 aux Statuts du Centre International de l\u2019ISSN, y compris l&rsquo;Etat h\u00f4te,<br \/>\n&#8211; et le repr\u00e9sentant du Directeur g\u00e9n\u00e9ral de l&rsquo;UNESCO.<\/p>\n<p>L&rsquo;Etat h\u00f4te est celui dans lequel le Centre International de l\u2019ISSN exerce ses activit\u00e9s ; depuis l\u2019origine, il s\u2019agit de la France.<\/p>\n<p>Vous pouvez consulter le r\u00e8glement r\u00e9vis\u00e9 de l&rsquo;Assembl\u00e9e g\u00e9n\u00e9rale de l&rsquo;ISSN (mars 2025) en cliquant sur le lien suivant : <a href=\"https:\/\/www.issn.org\/wp-content\/uploads\/2026\/02\/Reglement_interieur_AG_FRE_Mars2025.pdf\">R\u00e8glement AG<\/a>.<\/p>\n<h2>Le Conseil d&rsquo;Administration<\/h2>\n<p>Le Conseil d\u2019Administration se r\u00e9unit une fois par an, en session ordinaire.<\/p>\n<p>Ses principales missions\u00a0:<br \/>\n&#8211; \u00e9mettre les programmes et les directives pour les travaux du Centre International de l\u2019ISSN,<br \/>\n&#8211; adopter le programme des travaux et le budget du Centre,<br \/>\n&#8211; approuver le rapport annuel du Directeur.<\/p>\n<p>Il comprend :<br \/>\n&#8211;\u00a0 un repr\u00e9sentant de l&rsquo;Etat h\u00f4te,<br \/>\n&#8211;\u00a0 un repr\u00e9sentant du Directeur G\u00e9n\u00e9ral de l&rsquo;UNESCO,<br \/>\n&#8211;\u00a0 dix repr\u00e9sentants des Etats qui ont adh\u00e9r\u00e9 aux Statuts du Centre International de l\u2019ISSN, et qui sont \u00e9lus par l&rsquo;Assembl\u00e9e G\u00e9n\u00e9rale. Le mandat des repr\u00e9sentants est renouvelable tous les deux ans.<\/p>\n<p>Cliquer sur le lien pour consulter\u00a0 la liste des <a href=\"https:\/\/www.issn.org\/wp-content\/uploads\/2024\/07\/ISSN-GOVERNING-BOARD.pdf\">Membres du Conseil d&rsquo;Administration<\/a> (\u00e9lus en juin 2024, par un vote \u00e0 distance).<\/p>\n<p>Vous pouvez consulter le r\u00e8glement r\u00e9vis\u00e9 du Conseil d&rsquo;Administration de l&rsquo;ISSN (mai 2025) en cliquant sur le lien suivant : <a href=\"https:\/\/www.issn.org\/wp-content\/uploads\/2026\/03\/Reglement-interieur-du-Conseil-dadministration-tel-quamende-en-mai-2025.pdf\">R\u00e8glement CA<\/a>.<\/p>\n<h2>Les r\u00e9unions des Directeurs<\/h2>\n<p>Les r\u00e9unions des directeurs de Centres Nationaux ISSN ont lieu chaque ann\u00e9e.<\/p>\n<p>Elles permettent\u00a0:<br \/>\n&#8211;\u00a0 de proc\u00e9der \u00e0 des \u00e9changes d&rsquo;exp\u00e9rience sur le plan technique,<br \/>\n&#8211; de prendre des d\u00e9cisions techniques en concertation,<br \/>\n&#8211; de d\u00e9battre de sujets concernant la coordination et la communication.<\/p>\n<p>Elles sont organis\u00e9es par les institutions h\u00f4tes qui h\u00e9bergent les Centres Nationaux de l&rsquo;ISSN.<\/p>\n<p><em>Pour consulter <a href=\"https:\/\/www.issn.org\/wp-content\/uploads\/List-DMeetings_2025.pdf\">la Liste des r\u00e9unions des directeurs \u00a0<\/a>depuis 1974, cliquer sur le lien (document en anglais)<\/em><\/p>\n<h2>Comit\u00e9 consultatif d\u2019experts<\/h2>\n<p>Comme le pr\u00e9voient les Statuts du Centre international de l\u2019ISSN, la directrice du Centre peut \u00eatre assist\u00e9e par un comit\u00e9 consultatif d\u2019experts pour traiter de tout sujet li\u00e9 \u00e0 la gestion et au d\u00e9veloppement des services de Keepers Registry.<br \/>\nLa cr\u00e9ation de ce comit\u00e9 d\u2019experts a \u00e9t\u00e9 d\u00e9cid\u00e9e le 22 juin 2020 lors d\u2019une r\u00e9union entre les membres du Conseil d\u2019Administration du Centre et les repr\u00e9sentants des agences d\u2019archivage participant \u00e0 Keepers Registry. Ce comit\u00e9 d\u2019experts sera l\u2019organe de gouvernance du service Keepers Registry.<\/p>\n<p>Le comit\u00e9 est compos\u00e9 de sept membres :<\/p>\n<p>&#8211; la directrice du Centre international de l\u2019ISSN en est membre de droit,<br \/>\n&#8211; trois repr\u00e9sentants des agences d\u2019archivage participant \u00e0 Keepers Registry seront d\u00e9sign\u00e9s dans le cadre d\u2019une d\u00e9marche de candidature volontaire, avec le cas \u00e9ch\u00e9ant un tirage au sort si le nombre de candidats d\u00e9passe le nombre de si\u00e8ges effectifs,<br \/>\n&#8211; trois repr\u00e9sentants des diff\u00e9rents utilisateurs du service, notamment les associations de biblioth\u00e9caires et documentalistes, les biblioth\u00e8ques de recherche, les \u00e9diteurs, les organismes int\u00e9ress\u00e9s par la conservation num\u00e9rique des ressources scientifiques, etc.<\/p>\n<p>Le mandat des membres du comit\u00e9 d\u2019experts sera de deux ans, renouvelable une fois.<br \/>\nLe comit\u00e9 d\u2019experts pourra \u00e9galement s\u2019appuyer sur les conseils de deux consultants-experts dont le mandat, non renouvelable, sera de deux ans.<\/p>\n<p>Le comit\u00e9 d\u2019experts \u00e9laborera la strat\u00e9gie du service Keepers Registry pour ce qui concerne ses missions et sa raison d\u2019\u00eatre qui serotn r\u00e9examin\u00e9es p\u00e9riodiquement en sollicitant l\u2019avis des parties prenantes, notamment pour le d\u00e9veloppement de son offre de services et l\u2019optimisation de ses moyens financiers et humains et l\u2019impact de ses actions. Le comit\u00e9 d\u2019experts d\u00e9finira \u00e9galement une strat\u00e9gie pour recruter de nouvelles agences en d\u00e9finissant le processus de candidature ainsi que les conditions de s\u00e9lection et de retrait. Le comit\u00e9 d\u2019experts assurera \u00e9galement la promotion du service sur le plan international.<\/p>\n<p>Les experts suivants si\u00e8gent actuellement au Comit\u00e9 technique :<\/p>\n<p>&#8211; John Chodacki, directeur, University of California Curation Center (UC3), \u00c9tats-Unis d\u2019Am\u00e9rique (2022-2024)<br \/>\n&#8211; Ted Westervelt, chef, Division US\/Anglo, Biblioth\u00e8que du Congr\u00e8s, \u00c9tats-Unis d\u2019Am\u00e9rique (2020-2022) (2022-2024)<br \/>\n&#8211; Kate Wittenberg, directrice g\u00e9n\u00e9rale de Portico, ITHAKA, \u00c9tats-Unis d\u2019Am\u00e9rique (2022-2024)<br \/>\n&#8211; Judith Barnsby, r\u00e9dactrice en chef principal, Directory of Open Access Journals, Royaume-Uni (2020-2022) (2022-2024)<br \/>\n&#8211; Ana Mar\u00eda Cetto Kramis, pr\u00e9sidente, Latindex, Mexique (2020-2022) (2022-2024)<br \/>\n&#8211; Wendy Robertson, biblioth\u00e9caire sp\u00e9cialiste des d\u00e9p\u00f4ts institutionnels et des m\u00e9tadonn\u00e9es Catalogage, d\u00e9partement des m\u00e9tadonn\u00e9es, biblioth\u00e8ques de l&rsquo;universit\u00e9 de l&rsquo;Iowa, \u00c9tats-Unis d\u2019Am\u00e9rique (2020-2022) (2022-2024)<br \/>\n&#8211; Michelle Polchow, biblioth\u00e9caire des ressources \u00e9lectroniques, UC Davis, \u00c9tats-Unis d\u2019Am\u00e9rique (2022-2024)<br \/>\n&#8211; Stephen Marks, biblioth\u00e9caire charg\u00e9 de la pr\u00e9servation num\u00e9rique, Universit\u00e9 de Toronto, Canada (2022-2024).<\/p>\n<p>Les anciens membres du comit\u00e9 sont<\/p>\n<p>&#8211; William Kilbride, directeur ex\u00e9cutif, Digital Preservation Coalition, Royaume-Uni (2020-2022)<br \/>\n&#8211; Clifford Lynch, directeur ex\u00e9cutif, Coalition for Networked Information, \u00c9tats-Unis d\u2019Am\u00e9rique (2020-2022)<br \/>\n&#8211; Maarten Steenhuis, conseiller en strat\u00e9gie, Koninklijke Bibliotheek, Pays-Bas (2020-2022)<br \/>\n&#8211; Craig Van Dyck, directeur ex\u00e9cutif, CLOCKSS, \u00c9tats-Unis d\u2019Am\u00e9rique (2020-2021)<br \/>\n&#8211; Alicia Wise, directrice ex\u00e9cutive, CLOCKSS, \u00c9tats-Unis d\u2019Am\u00e9rique (2021-2022)<\/p>\n","protected":false},"excerpt":{"rendered":"<p>Organisation intergouvernementale, le Centre International de l&rsquo;ISSN est compos\u00e9 d\u2019instances internationales qui r\u00e9gissent son fonctionnement. L\u2019Assembl\u00e9e G\u00e9n\u00e9rale Le Conseil d\u2019Administration Les r\u00e9unions des Directeurs Comit\u00e9 consultatif d\u2019experts L\u2019Assembl\u00e9e G\u00e9n\u00e9rale L\u2019Assembl\u00e9e G\u00e9n\u00e9rale se r\u00e9unit tous les deux ans. Ses principales missions\u00a0: &#8211;\u00a0 d\u00e9finir les orientations g\u00e9n\u00e9rales des activit\u00e9s du Centre International de l&rsquo;ISSN, &#8211;\u00a0 \u00e9lire les [&hellip;]<\/p>\n","protected":false},"author":1,"featured_media":0,"parent":17,"menu_order":3,"comment_status":"closed","ping_status":"closed","template":"","meta":{"_acf_changed":false,"footnotes":""},"class_list":["post-40","page","type-page","status-publish","hentry"],"acf":[],"_links":{"self":[{"href":"https:\/\/www.issn.org\/fr\/wp-json\/wp\/v2\/pages\/40","targetHints":{"allow":["GET"]}}],"collection":[{"href":"https:\/\/www.issn.org\/fr\/wp-json\/wp\/v2\/pages"}],"about":[{"href":"https:\/\/www.issn.org\/fr\/wp-json\/wp\/v2\/types\/page"}],"author":[{"embeddable":true,"href":"https:\/\/www.issn.org\/fr\/wp-json\/wp\/v2\/users\/1"}],"replies":[{"embeddable":true,"href":"https:\/\/www.issn.org\/fr\/wp-json\/wp\/v2\/comments?post=40"}],"version-history":[{"count":26,"href":"https:\/\/www.issn.org\/fr\/wp-json\/wp\/v2\/pages\/40\/revisions"}],"predecessor-version":[{"id":48120,"href":"https:\/\/www.issn.org\/fr\/wp-json\/wp\/v2\/pages\/40\/revisions\/48120"}],"up":[{"embeddable":true,"href":"https:\/\/www.issn.org\/fr\/wp-json\/wp\/v2\/pages\/17"}],"wp:attachment":[{"href":"https:\/\/www.issn.org\/fr\/wp-json\/wp\/v2\/media?parent=40"}],"curies":[{"name":"wp","href":"https:\/\/api.w.org\/{rel}","templated":true}]}}