{"id":46355,"date":"2025-05-15T16:15:19","date_gmt":"2025-05-15T14:15:19","guid":{"rendered":"https:\/\/www.issn.org\/?page_id=46355"},"modified":"2026-01-08T15:31:43","modified_gmt":"2026-01-08T14:31:43","slug":"manuel-de-lissn","status":"publish","type":"page","link":"https:\/\/www.issn.org\/fr\/comprendre-lissn\/regles-d-attribution\/manuel-de-lissn\/","title":{"rendered":"Manuel de l&rsquo;ISSN"},"content":{"rendered":"<p>Le Manuel ISSN d\u00e9crit la mani\u00e8re dont le Centre international de l\u2019ISSN et son r\u00e9seau mettent en \u0153uvre la norme ISO 3297 International Standard Serial Number. Ce Manuel est maintenu par le Groupe de travail sur l\u2019ISSN constitu\u00e9 de repr\u00e9sentants du r\u00e9seau ISSN qui se r\u00e9unissent r\u00e9guli\u00e8rement pour faire \u00e9voluer la pratique du r\u00e9seau. Une version PDF du Manuel en 4 langues est publi\u00e9e sur le site institutionnel du Centre international. Elle sera mise \u00e0 jour en tant que de besoin.<\/p>\n<p><a href=\"https:\/\/xwiki.issn.org\/wiki\/manual\/download\/ManualDocumentation\/PDFexport\/marc\/WebHome\/manual-fr-marc.pdf\" target=\"_blank\" rel=\"noopener\">T\u00e9l\u00e9charger le manuel de l&rsquo;ISSN en PDF (fr)<\/a><\/p>\n<p>&nbsp;<\/p>\n","protected":false},"excerpt":{"rendered":"<p>Le Manuel ISSN d\u00e9crit la mani\u00e8re dont le Centre international de l\u2019ISSN et son r\u00e9seau mettent en \u0153uvre la norme ISO 3297 International Standard Serial Number. Ce Manuel est maintenu par le Groupe de travail sur l\u2019ISSN constitu\u00e9 de repr\u00e9sentants du r\u00e9seau ISSN qui se r\u00e9unissent r\u00e9guli\u00e8rement pour faire \u00e9voluer la pratique du r\u00e9seau. Une [&hellip;]<\/p>\n","protected":false},"author":1,"featured_media":0,"parent":44,"menu_order":0,"comment_status":"closed","ping_status":"closed","template":"","meta":{"_acf_changed":false,"footnotes":""},"class_list":["post-46355","page","type-page","status-publish","hentry"],"acf":[],"_links":{"self":[{"href":"https:\/\/www.issn.org\/fr\/wp-json\/wp\/v2\/pages\/46355","targetHints":{"allow":["GET"]}}],"collection":[{"href":"https:\/\/www.issn.org\/fr\/wp-json\/wp\/v2\/pages"}],"about":[{"href":"https:\/\/www.issn.org\/fr\/wp-json\/wp\/v2\/types\/page"}],"author":[{"embeddable":true,"href":"https:\/\/www.issn.org\/fr\/wp-json\/wp\/v2\/users\/1"}],"replies":[{"embeddable":true,"href":"https:\/\/www.issn.org\/fr\/wp-json\/wp\/v2\/comments?post=46355"}],"version-history":[{"count":6,"href":"https:\/\/www.issn.org\/fr\/wp-json\/wp\/v2\/pages\/46355\/revisions"}],"predecessor-version":[{"id":47805,"href":"https:\/\/www.issn.org\/fr\/wp-json\/wp\/v2\/pages\/46355\/revisions\/47805"}],"up":[{"embeddable":true,"href":"https:\/\/www.issn.org\/fr\/wp-json\/wp\/v2\/pages\/44"}],"wp:attachment":[{"href":"https:\/\/www.issn.org\/fr\/wp-json\/wp\/v2\/media?parent=46355"}],"curies":[{"name":"wp","href":"https:\/\/api.w.org\/{rel}","templated":true}]}}