{"id":48,"date":"2017-02-06T08:00:57","date_gmt":"2017-02-06T07:00:57","guid":{"rendered":"http:\/\/www.issn.org\/?page_id=48"},"modified":"2017-02-06T14:09:29","modified_gmt":"2017-02-06T13:09:29","slug":"devenir-membre","status":"publish","type":"page","link":"https:\/\/www.issn.org\/fr\/le-centre-et-le-reseau\/les-pays-membres\/devenir-membre\/","title":{"rendered":"Devenir membre du R\u00e9seau ISSN"},"content":{"rendered":"<p class=\"chapo\">Votre pays souhaite cr\u00e9er un Centre National ISSN ? Voici comment proc\u00e9der.<\/p>\n<ul>\n<li>Adh\u00e9rer, mode d\u2019emploi<\/li>\n<li>Votre contribution financi\u00e8re annuelle<\/li>\n<li>En savoir plus<\/li>\n<\/ul>\n<h2>Adh\u00e9rer, mode d\u2019emploi<\/h2>\n<h3>Adh\u00e9sion aux Statuts du Centre International de l\u2019ISSN<\/h3>\n<p>Prenez d\u2019abord connaissance des <a title=\"Le fonctionnement de l\u2019ISSN\" href=\"https:\/\/www.issn.org\/le-centre-et-le-reseau\/notre-organisation\/les-statuts\/\">Statuts du Centre International de l\u2019ISSN<\/a>.<\/p>\n<p>Votre pays doit ensuite d\u00e9signer l\u2019institution qui remplira les fonctions de Centre National ISSN. Celle-ci doit avoir acc\u00e8s\u00a0:<\/p>\n<ul>\n<li>aux collections de publications en s\u00e9rie de votre pays,<\/li>\n<li>au circuit du d\u00e9p\u00f4t l\u00e9gal.<\/li>\n<\/ul>\n<p>Votre Gouvernement (Premier Ministre ou Ministre des Affaires Etrang\u00e8res exclusivement) peut alors adresser un courrier \u00e0 la Directrice G\u00e9n\u00e9rale de l\u2019UNESCO\u00a0:<\/p>\n<ul>\n<li>sp\u00e9cifiant que votre pays adh\u00e8re aux Statuts du Centre International d\u2019Enregistrement des Publications en S\u00e9rie (Centre International de l\u2019ISSN),<\/li>\n<li>indiquant l\u2019organisme officiel choisi par votre pays pour remplir les fonctions de Centre National ISSN.<\/li>\n<\/ul>\n<h3>Cr\u00e9ation de votre Centre National ISSN<\/h3>\n<p>Une fois l\u2019adh\u00e9sion de votre pays re\u00e7ue par l\u2019UNESCO, cette derni\u00e8re la notifie au Centre International de l\u2019ISSN.<\/p>\n<p>Votre Centre National ISSN peut alors \u00eatre cr\u00e9\u00e9.<\/p>\n<p>Cette cr\u00e9ation est mat\u00e9rialis\u00e9e par la signature d\u2019un accord de travail bilat\u00e9ral\u00a0:<\/p>\n<ul>\n<li>entre le Directeur de l\u2019institution d\u00e9sign\u00e9e comme h\u00f4te du Centre National ISSN pour votre pays,<\/li>\n<li>et le Directeur du Centre International de l\u2019ISSN.<\/li>\n<\/ul>\n<p>Cet accord liste\u00a0:<\/p>\n<ul>\n<li>vos responsabilit\u00e9s,<\/li>\n<li>celles du Centre International de l\u2019ISSN,<\/li>\n<li>les accords techniques\u00a0: p\u00e9riodicit\u00e9 d\u2019envoi des donn\u00e9es, mode technique de transmission\u2026<\/li>\n<\/ul>\n<p>Apr\u00e8s la signature de l\u2019accord de travail, votre Centre National ISSN re\u00e7oit la documentation, les outils de travail et la formation n\u00e9cessaires \u00e0 la mise en place des proc\u00e9dures op\u00e9rationnelles.<\/p>\n<h2>Votre contribution financi\u00e8re annuelle<\/h2>\n<p>Les contributions financi\u00e8res des pays membres sont calcul\u00e9es en prenant en compte le Produit National Brut de chaque pays. Elles sont soumises au vote des Pays membres tous les deux ans.<\/p>\n<p>Sur simple demande, le Centre International de l\u2019ISSN peut vous fournir une estimation du montant annuel de la contribution de votre pays.<\/p>\n<p>Celle-ci n\u2019a pas \u00e0 \u00eatre obligatoirement r\u00e9gl\u00e9e par l\u2019institution h\u00f4te de votre Centre National ISSN. Elle peut \u00eatre r\u00e9gl\u00e9e par un organisme officiel d\u00e9sign\u00e9 par votre Gouvernement.<\/p>\n<h3>En savoir plus<\/h3>\n<p>Pour toute question concernant la proc\u00e9dure d\u2019adh\u00e9sion et la cr\u00e9ation d\u2019un Centre National ISSN op\u00e9rationnel, n\u2019h\u00e9sitez pas \u00e0 contacter le <a title=\"Contacter le Centre International de l\u2019ISSN\" href=\"https:\/\/www.issn.org\/services-et-prestations\/demander-un-issn\/contacter-le-centre-international-de-lissn\/\">Centre International de l\u2019ISSN<\/a><\/p>\n<p>Vous pouvez \u00e9galement consulter la <a title=\"Le r\u00e9seau aujourd\u2019hui\" href=\"https:\/\/www.issn.org\/le-centre-et-le-reseau\/les-pays-membres\/le-reseau-aujourdhui\/\">liste des Pays membres du R\u00e9seau ISSN et des Centres Nationaux ISSN<\/a><\/p>\n","protected":false},"excerpt":{"rendered":"<p>Votre pays souhaite cr\u00e9er un Centre National ISSN ? Voici comment proc\u00e9der. Adh\u00e9rer, mode d\u2019emploi Votre contribution financi\u00e8re annuelle En savoir plus Adh\u00e9rer, mode d\u2019emploi Adh\u00e9sion aux Statuts du Centre International de l\u2019ISSN Prenez d\u2019abord connaissance des Statuts du Centre International de l\u2019ISSN. Votre pays doit ensuite d\u00e9signer l\u2019institution qui remplira les fonctions de Centre [&hellip;]<\/p>\n","protected":false},"author":1,"featured_media":0,"parent":20,"menu_order":2,"comment_status":"closed","ping_status":"closed","template":"","meta":{"_acf_changed":false,"footnotes":""},"class_list":["post-48","page","type-page","status-publish","hentry"],"acf":[],"_links":{"self":[{"href":"https:\/\/www.issn.org\/fr\/wp-json\/wp\/v2\/pages\/48","targetHints":{"allow":["GET"]}}],"collection":[{"href":"https:\/\/www.issn.org\/fr\/wp-json\/wp\/v2\/pages"}],"about":[{"href":"https:\/\/www.issn.org\/fr\/wp-json\/wp\/v2\/types\/page"}],"author":[{"embeddable":true,"href":"https:\/\/www.issn.org\/fr\/wp-json\/wp\/v2\/users\/1"}],"replies":[{"embeddable":true,"href":"https:\/\/www.issn.org\/fr\/wp-json\/wp\/v2\/comments?post=48"}],"version-history":[{"count":0,"href":"https:\/\/www.issn.org\/fr\/wp-json\/wp\/v2\/pages\/48\/revisions"}],"up":[{"embeddable":true,"href":"https:\/\/www.issn.org\/fr\/wp-json\/wp\/v2\/pages\/20"}],"wp:attachment":[{"href":"https:\/\/www.issn.org\/fr\/wp-json\/wp\/v2\/media?parent=48"}],"curies":[{"name":"wp","href":"https:\/\/api.w.org\/{rel}","templated":true}]}}