{"id":50,"date":"2013-07-11T08:19:28","date_gmt":"2013-07-11T07:19:28","guid":{"rendered":"http:\/\/www.issn.org\/?page_id=50"},"modified":"2013-09-22T06:51:16","modified_gmt":"2013-09-22T05:51:16","slug":"pourquoi-adherer","status":"publish","type":"page","link":"https:\/\/www.issn.org\/fr\/le-centre-et-le-reseau\/les-pays-membres\/pourquoi-adherer\/","title":{"rendered":"Pourquoi adh\u00e9rer \u00e0 l\u2019ISSN ?"},"content":{"rendered":"<p class=\"chapo\">Devenir membre de l\u2019ISSN, c\u2019est apporter un \u00ab plus \u00bb \u00e9conomique, scientifique et culturel \u00e0 la production \u00e9ditoriale de votre pays.<\/p>\n<p>En adh\u00e9rant au R\u00e9seau ISSN, vous offrez aux journaux, revues et magazines de votre pays la possibilit\u00e9 d\u2019\u00eatre visibles et connus sans ambigu\u00eft\u00e9, au niveau international.<\/p>\n<p>Qu\u2019elles soient scientifiques, litt\u00e9raires, d\u2019information g\u00e9n\u00e9rale ou de loisirs, les publications en s\u00e9rie trouvent dans l\u2019ISSN des b\u00e9n\u00e9fices non n\u00e9gligeables\u00a0:<\/p>\n<ul>\n<li>augmentation de leur visibilit\u00e9,<\/li>\n<li>facilitation de leurs ventes, y compris \u00e0 l\u2019\u00e9tranger,<\/li>\n<li>am\u00e9lioration de la reconnaissance quant \u00e0 la valeur de leur contenu.<\/li>\n<\/ul>\n","protected":false},"excerpt":{"rendered":"<p>Devenir membre de l\u2019ISSN, c\u2019est apporter un \u00ab plus \u00bb \u00e9conomique, scientifique et culturel \u00e0 la production \u00e9ditoriale de votre pays. En adh\u00e9rant au R\u00e9seau ISSN, vous offrez aux journaux, revues et magazines de votre pays la possibilit\u00e9 d\u2019\u00eatre visibles et connus sans ambigu\u00eft\u00e9, au niveau international. Qu\u2019elles soient scientifiques, litt\u00e9raires, d\u2019information g\u00e9n\u00e9rale ou de [&hellip;]<\/p>\n","protected":false},"author":1,"featured_media":0,"parent":20,"menu_order":3,"comment_status":"closed","ping_status":"closed","template":"","meta":{"_acf_changed":false,"footnotes":""},"class_list":["post-50","page","type-page","status-publish","hentry"],"acf":[],"_links":{"self":[{"href":"https:\/\/www.issn.org\/fr\/wp-json\/wp\/v2\/pages\/50","targetHints":{"allow":["GET"]}}],"collection":[{"href":"https:\/\/www.issn.org\/fr\/wp-json\/wp\/v2\/pages"}],"about":[{"href":"https:\/\/www.issn.org\/fr\/wp-json\/wp\/v2\/types\/page"}],"author":[{"embeddable":true,"href":"https:\/\/www.issn.org\/fr\/wp-json\/wp\/v2\/users\/1"}],"replies":[{"embeddable":true,"href":"https:\/\/www.issn.org\/fr\/wp-json\/wp\/v2\/comments?post=50"}],"version-history":[{"count":0,"href":"https:\/\/www.issn.org\/fr\/wp-json\/wp\/v2\/pages\/50\/revisions"}],"up":[{"embeddable":true,"href":"https:\/\/www.issn.org\/fr\/wp-json\/wp\/v2\/pages\/20"}],"wp:attachment":[{"href":"https:\/\/www.issn.org\/fr\/wp-json\/wp\/v2\/media?parent=50"}],"curies":[{"name":"wp","href":"https:\/\/api.w.org\/{rel}","templated":true}]}}