{"id":69,"date":"2019-04-04T09:01:36","date_gmt":"2019-04-04T07:01:36","guid":{"rendered":"http:\/\/www.issn.org\/?page_id=69"},"modified":"2019-07-01T11:34:03","modified_gmt":"2019-07-01T09:34:03","slug":"supports-numeriques","status":"publish","type":"page","link":"https:\/\/www.issn.org\/fr\/comprendre-lissn\/regles-d-attribution\/supports-numeriques\/","title":{"rendered":"L\u2019ISSN pour les supports \u00e9lectroniques"},"content":{"rendered":"<p class=\"chapo\">Un ISSN peut \u00eatre attribu\u00e9 \u00e0 toutes les ressources \u00e9lectroniques\u00a0: CD-Rom, DVD, sites Internet\u2026 Selon leur type, celles-ci doivent r\u00e9pondre \u00e0 des crit\u00e8res bien particuliers.<\/p>\n<ul>\n<li>Publications \u00e9lectroniques : journaux en ligne, CD-Rom, DVD\u2026<\/li>\n<li>\u00ab\u00a0Ressources int\u00e9gratrices permanentes\u00a0\u00bb\u00a0: sites web, bases de donn\u00e9es, wikis\u2026<\/li>\n<li>Comment afficher l&rsquo;ISSN sur les publications \u00e9lectroniques ?<\/li>\n<li>Demander un ISSN pour une publication \u00e9lectronique<\/li>\n<\/ul>\n<h2>Publications \u00e9lectroniques\u00a0: journaux en ligne, CD-Rom, DVD\u2026<\/h2>\n<p>A partir du moment o\u00f9 votre publication \u00e9lectronique r\u00e9pond \u00e0 la d\u00e9finition de publication en s\u00e9rie, elle peut \u00eatre identifi\u00e9e par un ISSN, quel que soit son support physique.<\/p>\n<p>Si votre publication \u00e9lectronique est une version d\u2019une publication imprim\u00e9e d\u00e9j\u00e0 existante, elle doit avoir son propre ISSN, m\u00eame si le titre est identique.<\/p>\n<p>Le m\u00eame ISSN doit \u00eatre utilis\u00e9 quels que soient les formats dans lesquels votre publication est diffus\u00e9e (HTML, PDF, etc.).<\/p>\n<p>Si votre publication imprim\u00e9e contient une version CD-Rom incluse, c&rsquo;est une publication \u00ab multi-support \u00bb : un seul ISSN est attribu\u00e9.<\/p>\n<h2>\u00ab\u00a0Ressources int\u00e9gratrices permanentes\u00a0\u00bb\u00a0: sites web, bases de donn\u00e9es, wikis\u2026<\/h2>\n<p>En tant que \u00ab\u00a0ressource int\u00e9gratrice permanente\u00a0\u00bb votre site web, base de donn\u00e9es, wiki ou blog peut avoir un ISSN, sous certaines conditions.<\/p>\n<h3>Pour \u00eatre identifi\u00e9e par un ISSN, votre ressource int\u00e9gratrice permanente doit\u00a0:<\/h3>\n<ul>\n<li>pr\u00e9senter un contenu \u00e9ditorial (texte r\u00e9dig\u00e9),<\/li>\n<li>mentionner la responsabilit\u00e9 \u00e9ditoriale, compos\u00e9e g\u00e9n\u00e9ralement de plus d&rsquo;une personne (nom de l\u2019\u00e9diteur ou du producteur) et, au minimum, le pays de publication,<\/li>\n<li>avoir un titre ais\u00e9ment rep\u00e9rable et ne changeant pas lors des mises \u00e0 jour,<\/li>\n<li>poss\u00e9der une adresse URL valide,<\/li>\n<li>porter sur un sujet pr\u00e9cis ou s\u2019adresser \u00e0 un public sp\u00e9cifique.<\/li>\n<\/ul>\n<h3>Votre ressource int\u00e9gratrice permanente ne peut pas obtenir d\u2019ISSN si\u00a0:<\/h3>\n<ul>\n<li>elle pr\u00e9sente un contenu \u00e0 caract\u00e8re personnel\u00a0: site web personnel, journal intime en ligne\u2026,<\/li>\n<li>elle constitue une ressource \u00e9ph\u00e9m\u00e8re, dont la fin est d\u00e9termin\u00e9e d\u00e8s sa conception,<\/li>\n<li>elle est centr\u00e9e sur une entreprise, un produit, une institution ou un organisme\u00a0:\n<ul>\n<li>site web \u00e0 caract\u00e8re publicitaire, commercial ou promotionnel,<\/li>\n<li>site d\u2019information sur un ou plusieurs produits,<\/li>\n<li>site institutionnel d\u2019entreprise ou de collectivit\u00e9.<\/li>\n<\/ul>\n<\/li>\n<\/ul>\n<p>Si votre ressource int\u00e9gratrice permanente pr\u00e9sente un int\u00e9r\u00eat exclusivement local, elle ne sera pas identifi\u00e9e de fa\u00e7on syst\u00e9matique par un ISSN\u00a0: consultez votre <a href=\"https:\/\/www.issn.org\/le-centre-et-le-reseau\/les-pays-membres\/le-reseau-aujourdhui\/\">Centre National ISSN<\/a> qui d\u00e9terminera si un ISSN doit lui \u00eatre attribu\u00e9.<\/p>\n<h2>Comment afficher l&rsquo;ISSN sur les ressources \u00e9lectroniques\u00a0?<\/h2>\n<h3>Publications en ligne (sites, blogs, wikis, bases de donn\u00e9es\u2026)<\/h3>\n<p>L&rsquo;ISSN doit figurer\u00a0sur la page d\u2019accueil ou \u00e0 d\u00e9faut, sur le menu principal.<\/p>\n<h3>Supports physiques (CD-Roms, DVD, microfiches\u2026)\u00a0:<\/h3>\n<p>L&rsquo;ISSN doit figurer\u00a0sur toute \u00e9tiquette fix\u00e9e de fa\u00e7on permanente \u00e0 la publication.<br \/>\nEn cas d\u2019impossibilit\u00e9, il doit \u00eatre affich\u00e9 sur le bo\u00eetier ou l\u2019\u00e9tui.<\/p>\n<h3>ISSN multiples<\/h3>\n<p>Si vous \u00e9ditez une m\u00eame publication sur des supports diff\u00e9rents (version papier et version CD-Rom, par exemple), vous pouvez faire figurer leurs ISSN respectifs sur chacune des versions, en mentionnant les \u00e9l\u00e9ments d\u2019information compl\u00e9mentaire permettant de les distinguer.<\/p>\n<p>Par exemple\u00a0:<br \/>\nISSN 1562-6865 (En ligne)<br \/>\nISSN 1063-7710 (Imprim\u00e9)<\/p>\n<p>ou :<\/p>\n<p>\u00c9dition en ligne: ISSN 1562-6865<br \/>\n\u00c9dition imprim\u00e9e: ISSN 1063-7710<\/p>\n<h2>Demander un ISSN pour une ressource \u00e9lectronique<\/h2>\n<p>Les proc\u00e9dures de demande d\u2019ISSN sont les m\u00eames pour toutes les publications (<a href=\"https:\/\/www.issn.org\/fr\/comprendre-lissn\/regles-d-attribution\/issn-les-grands-principes\/\">voir en d\u00e9tail<\/a>).<\/p>\n<p>Les justificatifs demand\u00e9s peuvent varier en fonction du support.<\/p>\n<p>Comme pour une publication imprim\u00e9e ou une publication sur CD-Rom, vous pouvez demander un ISSN <strong>jusqu\u2019\u00e0 3 mois avant la parution<\/strong> de la publication si les informations et documents que vous fournissez montrent un projet suffisamment avanc\u00e9.<\/p>\n<p>Notez bien que <strong>les ressources en ligne ne re\u00e7oivent pas d&rsquo;ISSN avant publication<\/strong>.<\/p>\n<p>L\u2019ISSN attribu\u00e9 n\u2019est d\u00fbment enregistr\u00e9 dans le <a href=\"https:\/\/www.issn.org\/comprendre-lissn\/le-registre-international\/\">Registre International de l\u2019ISSN<\/a> qu\u2019\u00e0 r\u00e9ception du premier num\u00e9ro.<\/p>\n","protected":false},"excerpt":{"rendered":"<p>Un ISSN peut \u00eatre attribu\u00e9 \u00e0 toutes les ressources \u00e9lectroniques\u00a0: CD-Rom, DVD, sites Internet\u2026 Selon leur type, celles-ci doivent r\u00e9pondre \u00e0 des crit\u00e8res bien particuliers. Publications \u00e9lectroniques : journaux en ligne, CD-Rom, DVD\u2026 \u00ab\u00a0Ressources int\u00e9gratrices permanentes\u00a0\u00bb\u00a0: sites web, bases de donn\u00e9es, wikis\u2026 Comment afficher l&rsquo;ISSN sur les publications \u00e9lectroniques ? Demander un ISSN pour une [&hellip;]<\/p>\n","protected":false},"author":1,"featured_media":0,"parent":44,"menu_order":2,"comment_status":"closed","ping_status":"closed","template":"","meta":{"_acf_changed":false,"footnotes":""},"class_list":["post-69","page","type-page","status-publish","hentry"],"acf":[],"_links":{"self":[{"href":"https:\/\/www.issn.org\/fr\/wp-json\/wp\/v2\/pages\/69","targetHints":{"allow":["GET"]}}],"collection":[{"href":"https:\/\/www.issn.org\/fr\/wp-json\/wp\/v2\/pages"}],"about":[{"href":"https:\/\/www.issn.org\/fr\/wp-json\/wp\/v2\/types\/page"}],"author":[{"embeddable":true,"href":"https:\/\/www.issn.org\/fr\/wp-json\/wp\/v2\/users\/1"}],"replies":[{"embeddable":true,"href":"https:\/\/www.issn.org\/fr\/wp-json\/wp\/v2\/comments?post=69"}],"version-history":[{"count":0,"href":"https:\/\/www.issn.org\/fr\/wp-json\/wp\/v2\/pages\/69\/revisions"}],"up":[{"embeddable":true,"href":"https:\/\/www.issn.org\/fr\/wp-json\/wp\/v2\/pages\/44"}],"wp:attachment":[{"href":"https:\/\/www.issn.org\/fr\/wp-json\/wp\/v2\/media?parent=69"}],"curies":[{"name":"wp","href":"https:\/\/api.w.org\/{rel}","templated":true}]}}