{"id":71,"date":"2013-07-11T09:02:34","date_gmt":"2013-07-11T08:02:34","guid":{"rendered":"http:\/\/www.issn.org\/?page_id=71"},"modified":"2022-10-27T12:31:16","modified_gmt":"2022-10-27T10:31:16","slug":"issn-de-liaison","status":"publish","type":"page","link":"https:\/\/www.issn.org\/fr\/comprendre-lissn\/regles-d-attribution\/issn-de-liaison\/","title":{"rendered":"L\u2019ISSN-L pour les publications \u00e0 supports multiples"},"content":{"rendered":"<p class=\"chapo\">Lorsqu\u2019une publication est \u00e9dit\u00e9e sur plusieurs supports, l\u2019attribution d\u2019un ISSN de liaison permet de les regrouper facilement et de faciliter la gestion de contenu.<\/p>\n<ul>\n<li>Qu\u2019est-ce que l\u2019ISSN-L ?<\/li>\n<li>Pourquoi l\u2019ISSN-L ?<\/li>\n<li>Mention de l\u2019ISSN-L sur vos publications<\/li>\n<li>Changer d\u2019ISSN-L<\/li>\n<li>Retrouver l\u2019ISSN-L d\u2019une publication<\/li>\n<\/ul>\n<h2>Qu\u2019est-ce que l\u2019ISSN-L ?<\/h2>\n<p>L\u2019ISSN de liaison, ou ISSN-L, est un ISSN sp\u00e9cifique qui regroupe les diff\u00e9rents supports d\u2019une m\u00eame publication en s\u00e9rie.<\/p>\n<p>Un seul ISSN-L est d\u00e9sign\u00e9 pour tous les supports d\u2019une publication en s\u00e9rie, quel que soit leur nombre.<br \/>\nUne publication en s\u00e9rie est associ\u00e9e \u00e0 un seul ISSN-L.<\/p>\n<h3>Exemples :<\/h3>\n<ul>\n<li>Publication sur un seul support<br \/>\nISSN-L 1748-7188<br \/>\nRessource \u00e9lectronique : Algorithms for molecular biology = ISSN 1748-7188<\/li>\n<li>Publication sur deux supports<br \/>\nISSN-L 0264-2875<br \/>\nVersion imprim\u00e9e : Dance research = ISSN 0264-2875<br \/>\nVersion \u00e9lectronique : Dance research (Online) = ISSN 1750-0095<\/li>\n<li>Publication sur trois supports<br \/>\nISSN-L 1188-1534<br \/>\nVersion imprim\u00e9e : Plant varieties journal (Ottawa) = ISSN 1188-1534<br \/>\nVersion \u00e9lectronique : Plant varieties journal (Ottawa. Online) = ISSN 1911-1479<br \/>\nVersion CD-ROM : Plant varieties journal (Ottawa. CD-ROM) = ISSN 1911-1460<\/li>\n<\/ul>\n<h2>Pourquoi l\u2019ISSN-L ?<\/h2>\n<p>L\u2019ISSN-L simplifie la recherche, la r\u00e9cup\u00e9ration et la transmission de donn\u00e9es pour diff\u00e9rents services, en particulier les syst\u00e8mes de recherche et les bases de connaissance.<\/p>\n<h2>Mention de l\u2019ISSN-L sur vos publications<\/h2>\n<p>Pour une utilisation optimale de l\u2019ISSN-L, vous devez l\u2019indiquer clairement sur chacune des versions de votre publication.<\/p>\n<p>L&rsquo;ISSN-L se pr\u00e9sente sous la forme suivante\u00a0:<br \/>\n&#8211; la mention ISSN-L en majuscules,<br \/>\n&#8211; un espace,<br \/>\n&#8211; deux groupes de quatre chiffres, s\u00e9par\u00e9s par un tiret.<\/p>\n<p>Le num\u00e9ro doit toujours \u00eatre pr\u00e9c\u00e9d\u00e9 du sigle ISSN-L.<\/p>\n<h2>Changer d\u2019ISSN-L<\/h2>\n<p>Un nouvel ISSN-L est attribu\u00e9 \u00e0 votre publication si les titres de tous les supports subissent un changement majeur au m\u00eame moment.<\/p>\n<p>Dans ce cas\u00a0:<\/p>\n<ul>\n<li>chaque version re\u00e7oit un nouvel ISSN,<\/li>\n<li>la publication re\u00e7oit un nouvel ISSN-L.<\/li>\n<\/ul>\n<h3>Exemple\u00a0:<\/h3>\n<p>Version imprim\u00e9e :<br \/>\nActa Physiologica Scandinavica (Print)= ISSN 0001-6772 et ISSN-L 0001-6772<br \/>\nVersion \u00e9lectronique :<br \/>\nActa Physiologica Scandinavica (Online)= ISSN 1365-201X et ISSN-L 0001-6772<\/p>\n<h2>Retrouver l\u2019ISSN-L d\u2019une publication<\/h2>\n<p>L\u2019ISSN-L d\u2019une publication est accessible de diverses mani\u00e8res :<\/p>\n<ul>\n<li>sur une <a title=\"Acc\u00e8s \u00e0 la table ISSN-L\" href=\"https:\/\/www.issn.org\/fr\/services-et-prestations\/services-en-ligne\/acces-a-la-table-issn-l\/\">table listant les ISSN-L<\/a> avec les ISSN correspondants, disponible sur le site internet du Centre International de l\u2019ISSN,<\/li>\n<li>dans le <a href=\"https:\/\/www.issn.org\/comprendre-lissn\/le-registre-international\/\">Registre International de l\u2019ISSN<\/a> : chaque notice inclut l\u2019ISSN du support et l\u2019ISSN-L de la publication, comme \u00e9l\u00e9ments de donn\u00e9es s\u00e9par\u00e9s,<\/li>\n<li>par le <a href=\"https:\/\/www.issn.org\/services-et-prestations\/demander-un-issn\/contacter-le-centre-international-de-lissn\/\">Centre International de l\u2019ISSN<\/a> et les <a href=\"https:\/\/www.issn.org\/services-et-prestations\/demander-un-issn\/contacter-un-centre-national-issn\/\">Centres Nationaux ISSN<\/a>\u00a0: pour chaque ISSN nouvellement attribu\u00e9, les centres communiquent aux \u00e9diteurs l\u2019ISSN-L correspondant ;<\/li>\n<li>sur les publications elles-m\u00eames, qui doivent mentionner clairement l\u2019utilisation d\u2019un ISSN-L.<\/li>\n<\/ul>\n","protected":false},"excerpt":{"rendered":"<p>Lorsqu\u2019une publication est \u00e9dit\u00e9e sur plusieurs supports, l\u2019attribution d\u2019un ISSN de liaison permet de les regrouper facilement et de faciliter la gestion de contenu. Qu\u2019est-ce que l\u2019ISSN-L ? Pourquoi l\u2019ISSN-L ? Mention de l\u2019ISSN-L sur vos publications Changer d\u2019ISSN-L Retrouver l\u2019ISSN-L d\u2019une publication Qu\u2019est-ce que l\u2019ISSN-L ? L\u2019ISSN de liaison, ou ISSN-L, est un ISSN [&hellip;]<\/p>\n","protected":false},"author":1,"featured_media":0,"parent":44,"menu_order":3,"comment_status":"closed","ping_status":"closed","template":"","meta":{"_acf_changed":false,"footnotes":""},"class_list":["post-71","page","type-page","status-publish","hentry"],"acf":[],"_links":{"self":[{"href":"https:\/\/www.issn.org\/fr\/wp-json\/wp\/v2\/pages\/71","targetHints":{"allow":["GET"]}}],"collection":[{"href":"https:\/\/www.issn.org\/fr\/wp-json\/wp\/v2\/pages"}],"about":[{"href":"https:\/\/www.issn.org\/fr\/wp-json\/wp\/v2\/types\/page"}],"author":[{"embeddable":true,"href":"https:\/\/www.issn.org\/fr\/wp-json\/wp\/v2\/users\/1"}],"replies":[{"embeddable":true,"href":"https:\/\/www.issn.org\/fr\/wp-json\/wp\/v2\/comments?post=71"}],"version-history":[{"count":0,"href":"https:\/\/www.issn.org\/fr\/wp-json\/wp\/v2\/pages\/71\/revisions"}],"up":[{"embeddable":true,"href":"https:\/\/www.issn.org\/fr\/wp-json\/wp\/v2\/pages\/44"}],"wp:attachment":[{"href":"https:\/\/www.issn.org\/fr\/wp-json\/wp\/v2\/media?parent=71"}],"curies":[{"name":"wp","href":"https:\/\/api.w.org\/{rel}","templated":true}]}}