{"id":73,"date":"2015-01-23T12:00:06","date_gmt":"2015-01-23T11:00:06","guid":{"rendered":"http:\/\/www.issn.org\/?page_id=73"},"modified":"2022-04-21T15:21:54","modified_gmt":"2022-04-21T13:21:54","slug":"pour-en-savoir-plus","status":"publish","type":"page","link":"https:\/\/www.issn.org\/fr\/comprendre-lissn\/regles-d-attribution\/pour-en-savoir-plus\/","title":{"rendered":"Pour en savoir plus sur l\u2019attribution d\u2019ISSN"},"content":{"rendered":"<p class=\"chapo\">Besoin d\u2019approfondir certains sujets\u00a0? Voici des documents t\u00e9l\u00e9chargeables pour conna\u00eetre l\u2019ISSN en d\u00e9tail.<\/p>\n<ul>\n<li>Manuel de l\u2019ISSN<\/li>\n<li>Liste des codes langues<\/li>\n<li>Liste des Codes pays et Codes centres ISSN<\/li>\n<\/ul>\n<h2>Manuel de l\u2019ISSN<\/h2>\n<p>Cette \u00e9dition du Manuel de l\u2019ISSN est la plus r\u00e9cente disponible.<\/p>\n<p>Elle comprend les nouvelles r\u00e8gles et nouveaux crit\u00e8res d\u2019attribution de l\u2019ISSN adopt\u00e9s par le R\u00e9seau ISSN, en particulier pour les ressources \u00e9lectroniques.<\/p>\n<p><span style=\"color: #800080;\">T\u00e9l\u00e9chargez<\/span> la version fran\u00e7aise du manuel : <a href=\"https:\/\/www.issn.org\/wp-content\/uploads\/2021\/09\/ISSNManual_FRA2014Janvier2015_25-01-2016.pdf\">ISSN Manual 2015-FRA<\/a><\/p>\n<p><span style=\"color: #800080;\">T\u00e9l\u00e9chargez <\/span>la version anglaise du manuel : <a href=\"https:\/\/www.issn.org\/wp-content\/uploads\/2021\/09\/ISSNManual_ENG2015_23-01-2015.pdf\">ISSN Manual 2015-ENG <\/a><\/p>\n<p><span style=\"color: #800080;\">T\u00e9l\u00e9chargez<\/span> la version espagnole du manuel : <a href=\"https:\/\/www.issn.org\/wp-content\/uploads\/2017\/03\/ISSN-Manual_2015_SPA1.pdf\">ISSN Manual_2015-SPA<\/a><\/p>\n<p><span style=\"color: #800080;\">T\u00e9l\u00e9chargez<\/span> la version russe du manuel : <a href=\"https:\/\/www.issn.org\/wp-content\/uploads\/2021\/04\/ISSNManual_rus_07.06.2017.pdf\">ISSN Manual_2015-RUS<\/a><\/p>\n<h2>Liste des Codes langues<\/h2>\n<p>Cette liste est issue de la norme\u00a0ISO 639-2\u00a0: Codes pour la repr\u00e9sentation des noms de langues &#8211; Partie 2 : code Alpha-3 &#8211; Code bibliographique (code B).<\/p>\n<p>Elle est mise \u00e0 jour par la Biblioth\u00e8que du Congr\u00e8s, qui est l\u2019organisme d\u2019autorit\u00e9 pour cette norme ISO.<\/p>\n<p>Les codes des langues sont introduits dans les enregistrements ISSN selon les langues des publications.<\/p>\n<p><span style=\"color: #993366;\"><span style=\"color: #993366;\"><span style=\"color: #000000;\">Suivez ce lien pour consulter la <a href=\"https:\/\/www.loc.gov\/standards\/iso639-2\/php\/code_list.php\">Liste des Codes Langues<\/a><\/span> <\/span><\/span><\/p>\n<h2>Liste des Codes Pays et Codes Centres Nationaux ISSN<\/h2>\n<p>Les codes des pays sont issus de la norme ISO 3166 &#8211; Codes pour la repr\u00e9sentation des noms de pays et de leurs sous-divisions.<\/p>\n<p>Les codes des Centres Nationaux ISSN ont \u00e9t\u00e9 cr\u00e9\u00e9s et sont mis \u00e0 jour par le Centre International de l&rsquo;ISSN.<br \/>\nIls sont introduits dans les enregistrements ISSN selon les pays de publication des ressources continues et selon le Centre National ISSN responsable de leur enregistrement.<\/p>\n<p>Vous pouvez vous diriger vers ce lien pour acc\u00e9der \u00e0 la <a href=\"https:\/\/www.iso.org\/obp\">Liste des Codes Pays.\u00a0 <\/a><\/p>\n","protected":false},"excerpt":{"rendered":"<p>Besoin d\u2019approfondir certains sujets\u00a0? Voici des documents t\u00e9l\u00e9chargeables pour conna\u00eetre l\u2019ISSN en d\u00e9tail. Manuel de l\u2019ISSN Liste des codes langues Liste des Codes pays et Codes centres ISSN Manuel de l\u2019ISSN Cette \u00e9dition du Manuel de l\u2019ISSN est la plus r\u00e9cente disponible. Elle comprend les nouvelles r\u00e8gles et nouveaux crit\u00e8res d\u2019attribution de l\u2019ISSN adopt\u00e9s par [&hellip;]<\/p>\n","protected":false},"author":1,"featured_media":0,"parent":44,"menu_order":4,"comment_status":"closed","ping_status":"closed","template":"","meta":{"_acf_changed":false,"footnotes":""},"class_list":["post-73","page","type-page","status-publish","hentry"],"acf":[],"_links":{"self":[{"href":"https:\/\/www.issn.org\/fr\/wp-json\/wp\/v2\/pages\/73","targetHints":{"allow":["GET"]}}],"collection":[{"href":"https:\/\/www.issn.org\/fr\/wp-json\/wp\/v2\/pages"}],"about":[{"href":"https:\/\/www.issn.org\/fr\/wp-json\/wp\/v2\/types\/page"}],"author":[{"embeddable":true,"href":"https:\/\/www.issn.org\/fr\/wp-json\/wp\/v2\/users\/1"}],"replies":[{"embeddable":true,"href":"https:\/\/www.issn.org\/fr\/wp-json\/wp\/v2\/comments?post=73"}],"version-history":[{"count":0,"href":"https:\/\/www.issn.org\/fr\/wp-json\/wp\/v2\/pages\/73\/revisions"}],"up":[{"embeddable":true,"href":"https:\/\/www.issn.org\/fr\/wp-json\/wp\/v2\/pages\/44"}],"wp:attachment":[{"href":"https:\/\/www.issn.org\/fr\/wp-json\/wp\/v2\/media?parent=73"}],"curies":[{"name":"wp","href":"https:\/\/api.w.org\/{rel}","templated":true}]}}