{"id":7642,"date":"2015-04-07T08:58:27","date_gmt":"2015-04-07T07:58:27","guid":{"rendered":"http:\/\/www.issn.org\/?page_id=7642"},"modified":"2015-04-07T08:58:27","modified_gmt":"2015-04-07T07:58:27","slug":"votre-paiement-a-ete-abandonne","status":"publish","type":"page","link":"https:\/\/www.issn.org\/fr\/services-et-prestations\/sabonner-au-registre\/paiement-des-factures-par-internet\/votre-paiement-a-ete-abandonne\/","title":{"rendered":"Votre paiement a \u00e9t\u00e9 abandonn\u00e9"},"content":{"rendered":"<p>Nous vous remercions pour votre visite.<\/p>\n","protected":false},"excerpt":{"rendered":"<p>Nous vous remercions pour votre visite.<\/p>\n","protected":false},"author":1,"featured_media":0,"parent":7638,"menu_order":0,"comment_status":"closed","ping_status":"closed","template":"","meta":{"_acf_changed":false,"footnotes":""},"class_list":["post-7642","page","type-page","status-publish","hentry"],"acf":[],"_links":{"self":[{"href":"https:\/\/www.issn.org\/fr\/wp-json\/wp\/v2\/pages\/7642","targetHints":{"allow":["GET"]}}],"collection":[{"href":"https:\/\/www.issn.org\/fr\/wp-json\/wp\/v2\/pages"}],"about":[{"href":"https:\/\/www.issn.org\/fr\/wp-json\/wp\/v2\/types\/page"}],"author":[{"embeddable":true,"href":"https:\/\/www.issn.org\/fr\/wp-json\/wp\/v2\/users\/1"}],"replies":[{"embeddable":true,"href":"https:\/\/www.issn.org\/fr\/wp-json\/wp\/v2\/comments?post=7642"}],"version-history":[{"count":0,"href":"https:\/\/www.issn.org\/fr\/wp-json\/wp\/v2\/pages\/7642\/revisions"}],"up":[{"embeddable":true,"href":"https:\/\/www.issn.org\/fr\/wp-json\/wp\/v2\/pages\/7638"}],"wp:attachment":[{"href":"https:\/\/www.issn.org\/fr\/wp-json\/wp\/v2\/media?parent=7642"}],"curies":[{"name":"wp","href":"https:\/\/api.w.org\/{rel}","templated":true}]}}