{"id":7650,"date":"2015-04-07T10:50:49","date_gmt":"2015-04-07T09:50:49","guid":{"rendered":"http:\/\/www.issn.org\/?page_id=7650"},"modified":"2015-04-13T09:03:03","modified_gmt":"2015-04-13T08:03:03","slug":"mise-a-jour-factures-reserve-a-ladmin","status":"publish","type":"page","link":"https:\/\/www.issn.org\/fr\/mise-a-jour-factures-reserve-a-ladmin\/","title":{"rendered":"Mise \u00e0 jour factures (r\u00e9serv\u00e9 \u00e0 l&rsquo;admin)"},"content":{"rendered":"","protected":false},"excerpt":{"rendered":"","protected":false},"author":1,"featured_media":0,"parent":0,"menu_order":0,"comment_status":"closed","ping_status":"closed","template":"maj-factures.php","meta":{"_acf_changed":false,"footnotes":""},"class_list":["post-7650","page","type-page","status-publish","hentry"],"acf":[],"_links":{"self":[{"href":"https:\/\/www.issn.org\/fr\/wp-json\/wp\/v2\/pages\/7650","targetHints":{"allow":["GET"]}}],"collection":[{"href":"https:\/\/www.issn.org\/fr\/wp-json\/wp\/v2\/pages"}],"about":[{"href":"https:\/\/www.issn.org\/fr\/wp-json\/wp\/v2\/types\/page"}],"author":[{"embeddable":true,"href":"https:\/\/www.issn.org\/fr\/wp-json\/wp\/v2\/users\/1"}],"replies":[{"embeddable":true,"href":"https:\/\/www.issn.org\/fr\/wp-json\/wp\/v2\/comments?post=7650"}],"version-history":[{"count":0,"href":"https:\/\/www.issn.org\/fr\/wp-json\/wp\/v2\/pages\/7650\/revisions"}],"wp:attachment":[{"href":"https:\/\/www.issn.org\/fr\/wp-json\/wp\/v2\/media?parent=7650"}],"curies":[{"name":"wp","href":"https:\/\/api.w.org\/{rel}","templated":true}]}}